{"id":11,"date":"2014-02-14T00:40:34","date_gmt":"2014-02-13T23:40:34","guid":{"rendered":"http:\/\/dzika-zagroda.pl\/?page_id=11"},"modified":"2025-07-02T09:20:20","modified_gmt":"2025-07-02T07:20:20","slug":"o-nas","status":"publish","type":"page","link":"http:\/\/dzika-zagroda.pl\/?page_id=11","title":{"rendered":"O nas"},"content":{"rendered":"<p style=\"text-align: center;\"><b>Zachodniopomorskie Towarzystwo Przyrodnicze<\/b><\/p>\n<p>Jeste\u015bmy organizacj\u0105 po\u017cytku publicznego, kt\u00f3ra ju\u017c od 2005 roku realizuje kompleksow\u0105 obs\u0142ug\u0119\u00a0 stad dzikich \u017cubr\u00f3w na terenie wojew\u00f3dztwa zachodniopomorskiego. Obecnie populacja \u017cubr\u00f3w liczy oko\u0142o 300 osobnik\u00f3w ( stan na grudzie\u0144 2018). Spora cz\u0119\u015b\u0107 z nich znajduje si\u0119 na terenie naszego wojew\u00f3dztwa, ale obserwujemy, \u017ce cz\u0119\u015b\u0107 z nich\u00a0 rozlokowa\u0142a si\u0119 po za jego granicami m.in. w wojew\u00f3dztwach: wielkopolskim i lubuskim. Wieloletnie do\u015bwiadczenia zwi\u0105zane z ochron\u0105\u00a0 zwierz\u0105t zaowocowa\u0142y przyst\u0105pieniem w 2016 roku do projektu zwi\u0105zanego z reintrodukcj\u0105 rysi na terenie Pomorza Zachodniego.<\/p>\n<p style=\"text-align: center;\"><b>Sk\u0105d \u017cubry?- kr\u00f3tka historia wsp\u00f3\u0142pracy<\/b><\/p>\n<p>Pierwsze \u017cubry do\u00a0 zachodniej Polski zosta\u0142y sprowadzone na tereny Nadle\u015bnictwa Wa\u0142cz w 1980 r. z inicjatywy prof. Ryszarda Graczyka, kierownika Katedry Zoologii Akademii Rolniczej w Poznaniu (obecny Uniwersytet Przyrodniczy). Do zagrody adaptacyjnej przywieziono z Puszczy Bia\u0142owieskiej osiem osobnik\u00f3w, kt\u00f3re po pewnym czasie zmieni\u0142y rewir i zamieszka\u0142y na terenach Nadle\u015bnictwa Miros\u0142awiec.<\/p>\n<p>Kolejne stado zamieszkuj\u0105ce\u00a0 Poligon Drawski powsta\u0142o przez sprowadzenie z Bia\u0142owie\u017cy, Pszczyny i Niepo\u0142omic 16 osobnik\u00f3w do dw\u00f3ch zagr\u00f3d adaptacyjnych po\u0142o\u017conych na terenie Dobrzan i \u0141obza. Zadanie wykonano w ramach projektu\u00a0\u00a0 finansowanego z fundacji EkoFunduszu w latach 2008-2009 ? Program ochrony \u017cubra w Polsce: rozw\u00f3j i ochrona stada zachodniopomorskiego?.\u00a0 W efekcie naszych dzia\u0142a\u0144 12 samic i 4 byki po opuszczeniu zagr\u00f3d adaptacyjnych po\u0142\u0105czy\u0142y si\u0119 w jedno stado i da\u0142y pocz\u0105tek ugrupowaniu zajmuj\u0105cego rewir na Poligonie.<\/p>\n<p>Aby zabezpieczy\u0107 nowo powsta\u0142\u0105 populacj\u0119\u00a0 w 2010 roku zrealizowali\u015bmy projekt dotowany przez Fundacj\u0119 EkoFundusz: ?Utrwalenie efekt\u00f3w restytucji \u017cubr\u00f3w \u017cyj\u0105cych na wolno\u015bci w wojew\u00f3dztwie zachodniopomorskim?. W ramach projektu powsta\u0142a baza magazynowa na karm\u0119 dla \u017cubr\u00f3w ? silosy zbo\u017cowe i kontenery magazynowe. Zosta\u0142y tak\u017ce zakupione i za\u0142o\u017cone na \u017cubry obro\u017ce telemetryczne GPS.<\/p>\n<p>Poniewa\u017c oba stada nie mia\u0142y ze sob\u0105 kontaktu, nie dochodzi\u0142o do wymiany puli genetycznej. Aby zmieni\u0107 sytuacj\u0119 \u00a0w 2015 utworzyli\u015bmy trzecie stado- ?Ja\u0142owc\u00f3wka?, za\u0142o\u017cone w Nadle\u015bnictwie Drawsko ( jeden z partner\u00f3w naszego projektu), sk\u0142adaj\u0105ce si\u0119 z osobnik\u00f3w z dw\u00f3ch istniej\u0105cych ugrupowa\u0144. Mia\u0142o ono za zadanie by\u0107 ?buforem? pomi\u0119dzy jednym a drugim stadem. Ca\u0142o\u015b\u0107 przedsi\u0119wzi\u0119cia by\u0142o cz\u0119\u015bci\u0105 projektu 000010 LIFE\/NAT\/PL ?Dywersyfikacja i rozw\u00f3j populacji \u017cubr\u00f3w w p\u00f3\u0142nocno- zachodniej Polsce? realizowanych w latach 2014-2019. O historii tych \u017cubr\u00f3w i naszych dzia\u0142aniach w ramach Pogotowia \u017bubrowego mo\u017cecie Pa\u0144stwo przeczyta\u0107 w serwisie tematycznym <a href=\"http:\/\/bisonlife13.zubry.org.pl\/home\/pl\/\">http:\/\/bisonlife13.zubry.org.pl\/home\/pl\/<\/a> .<\/p>\n<p>Dzia\u0142ania zwi\u0105zane z ochron\u0105 i monitoringiem \u017cubr\u00f3w b\u0119d\u0105 przez nas kontynuowane. Obecnie podpisali\u015bmy umow\u0119 POIS.02.04.00-00-0013\/18 ?Rozszerzenie dzia\u0142a\u0144 Bazy Obs\u0142ugi \u017bubr\u00f3w?. Projekt ten b\u0119dzie realizowa\u0142 wszystkie zadania zwi\u0105zane z opiek\u0105 nad dzikimi \u017cubrami na terenach p\u00f3\u0142nocno- zachodniej Polski.<\/p>\n<p style=\"text-align: center;\"><b>Dzika Zagroda<\/b><\/p>\n<p>Rezultatem naszej wieloletniej dzia\u0142alno\u015bci \u017cubrowej jest zagroda pokazowa po\u0142o\u017cona w Jab\u0142onowie. Projekt ?Budowa zagrody pokazowej \u017cubr\u00f3w w gminie Miros\u0142awiec? w 2012 uzyska\u0142 dotacj\u0119 Regionalnego Programu Operacyjnego Wojew\u00f3dztwa Zachodniopomorskiego. Inwestycja by\u0142a prowadzona w trybie ?zaprojektuj i wybuduj?. W 2013 zako\u0144czono projekt i wydano stosowne pozwolenia na budow\u0119. Ca\u0142kowita warto\u015b\u0107 przedsi\u0119wzi\u0119cia wynios\u0142a 1\u00a0100\u00a0000 z\u0142otych, z czego 825\u00a0000 zosta\u0142o sfinansowane przez RPOWZ, a 13\u00a0000 przez WFO\u015aIGW w Szczecinie. Celem projektu by\u0142o utworzenie zamkni\u0119tej zagrody dla \u017cubr\u00f3w z kompletnym zapleczem technicznym do obs\u0142ugi zwierz\u0105t w Jab\u0142onowie, gminie Miros\u0142awiec. W ramach dotacji POI\u015a.05.01.00-00-399\/12 ?Zabezpieczenie populacji \u017cubr\u00f3w w p\u00f3\u0142nocno- zachodniej w Polsce przed presj\u0105 turystyczn\u0105 ? zagroda zosta\u0142a powi\u0119kszona o 6 ha i zosta\u0142a wyposa\u017cona w wie\u017c\u0119 obserwacyjn\u0105 o wysoko\u015bci ok. 9m oraz prowadz\u0105c\u0105 do niej nadziemn\u0105 k\u0142adk\u0105 o d\u0142ugo\u015bci 100 m , biegn\u0105c\u0105 3 metry nad wybiegiem dla \u017cubr\u00f3w. Ponadto dobudowano skrzyd\u0142o dydaktyczne przeznaczone do prowadzenia zaj\u0119\u0107 edukacyjnych. W Zagrodzie przebywa 5 doros\u0142ych \u017cubr\u00f3w ( 4 samice, jeden samiec) przywiezionych z o\u015brodk\u00f3w hodowli w Pszczynach i Go\u0142uchowie oraz jedna samica przywieziona z wolno\u015bci. Stworzyli\u015bmy niepowtarzaln\u0105 okazj\u0119 aby przyjrze\u0107 si\u0119 i nakarmi\u0107 te niesamowite zwierz\u0119ta . W Zagrodzie co roku rodz\u0105 si\u0119 cielaki. Maluchy po odchowaniu do oko\u0142o roku, s\u0105 przewo\u017cone do jednego ze stad zamieszkuj\u0105ce tereny wojew\u00f3dztwa Zachodniopomorskiego aby wzbogaci\u0107 pul\u0119 genetyczn\u0105 populacji.<\/p>\n<p style=\"text-align: center;\"><b>Rysie<\/b><\/p>\n<p>Historia rysi w Zagrodzie rozpocz\u0119\u0142a si\u0119 ca\u0142kiem niedawno, cho\u0107 planowali\u015bmy dzia\u0142ania znacznie wcze\u015bniej. W 2015 roku otrzymali\u015bmy darowizn\u0119 od parku handlowego M\u0142yn na wybudowanie pierwszej zagrody pokazowej dla rysi. \u00a0W tym samym roku zbudowali\u015bmy z w\u0142asnych \u015brodk\u00f3w kolejne dwie zagrody. Ju\u017c na pocz\u0105tku 2016 wszystkie zagrody w Jab\u0142onowie by\u0142y zasiedlone. Tego samego roku podpisali\u015bmy umow\u0119 na pierwszy projekt dotycz\u0105cy rysi: POIS.02.04.00-0143\/16 ?Powr\u00f3t rysia do p\u00f3\u0142nocno-zachodniej Polski?. W ramach przedsi\u0119wzi\u0119cia wybudowali\u015bmy kolejn\u0105 zagrod\u0119 w Jab\u0142onowie, 4 zagrody adaptacyjne w D\u0142usku oraz dwie zagrody wypuszczeniowe po\u0142o\u017cone w Nadle\u015bnictwach: Miros\u0142awiec i Drawsko. Celem projektu jest odtworzenie licznej i samodzielnej populacji rysi na Pomorzu Zachodnim. W projekcie przewidzieli\u015bmy trzy drogi pozyskania rysi do reintrodukcji:<b><\/b><\/p>\n<ol>\n<li>rozmna\u017canie rysi w zagrodach w D\u0142usku i Jab\u0142onowie przez stale utrzymywane pary, zdziczanie- uczenie polowania i po uprzednim wyposa\u017ceniu w obro\u017ce telemetryczne wypuszczeniu na wolno\u015b\u0107.<\/li>\n<li>metoda ?born to be free? ? nieznacznie zmodyfikowan\u0105- czyli utrzymywanie par w zagrodach i umo\u017cliwianie wychodzenie kociak\u00f3w urodzonych w zagrodzie na zewn\u0105trz, z mo\u017cliwo\u015bci\u0105 powrotu, a\u017c do ich pe\u0142nego usamodzielnienia<\/li>\n<li>przywo\u017cenie zwierz\u0105t urodzonych w r\u00f3\u017cnych o\u015brodkach hodowlanych w Europie, zdziczanie, uczenie polowania i po za\u0142o\u017ceniu obro\u017cy telemetrycznych wypuszczane na wolno\u015b\u0107.<\/li>\n<\/ol>\n<p>W ramach projektu zosta\u0142y wytypowane 3 miejsca wypuszczania rysi na wolno\u015b\u0107 : D\u0142usko- gmina W\u0119gorzyno, Nadle\u015bnictwo Miros\u0142awiec- gmina Miros\u0142awiec, Nadle\u015bnictwo Drawsko- gmina Kalisz Pomorski. Zwierz\u0119ta s\u0105 sukcesywnie wypuszczane od marca 2019 r. Dziewi\u0119\u0107 zwierz\u0105t wypu\u015bcili\u015bmy w D\u0142usku. W Miros\u0142awcu zosta\u0142y wypuszczone kolejne 4 sztuki. Jeste\u015bmy w trakcie przygotowania do wypuszczenia kolejnych zwierz\u0105t.<\/p>\n<p>Dotychczas stosowali\u015bmy metod\u0119 nr 3- przywo\u017cenia zwierz\u0105t z r\u00f3\u017cnych o\u015brodk\u00f3w a po ich zdziczeniu do dnia dzisiejszego wypu\u015bcili\u015bmy na wolno\u015b\u0107 13 rysi. Rysie na wolno\u015bci radz\u0105 sobie znakomicie, du\u017co lepiej ni\u017c s\u0105dzili\u015bmy, praktycznie na dzie\u0144 dzisiejszych nie mamy \u017cadnych strat z powodu k\u0142opot\u00f3w z polowaniem lub wynikaj\u0105cych z kontaktu z cz\u0142owiekiem. Wszystkie s\u0105 nadzorowane telemetrycznie, na bie\u017c\u0105co monitorujemy gdzie s\u0105 i co robi\u0105.<\/p>\n<p align=\"center\"><b>Zasady dzia\u0142ania Pogotowia \u017bubrowego prowadzonego przez Zachodniopomorskie Towarzystwo Przyrodnicze<\/b><\/p>\n<p style=\"text-align: left;\" align=\"center\"><strong>1.\u00a0<\/strong>Pogotowie \u017bubrowe, zwane dalej Pogotowiem, to system pomocy s\u0142u\u017cbom pa\u0144stwowym i samorz\u0105dowym oraz spo\u0142eczno\u015bciom lokalnym na terenie wyst\u0119powania wolno\u017cyj\u0105cych \u017cubr\u00f3w w p\u00f3\u0142nocno ? zachodniej Polsce w granicach wojew\u00f3dztw: zachodniopomorskiego, lubuskiego i wielkopolskiego. Dzia\u0142alno\u015b\u0107 Pogotowia finansowana jest przez Zachodniopomorskie Towarzystwo Przyrodnicze z dotacji pozyskiwanych na realizacj\u0119 projekt\u00f3w z dziedziny ochrony przyrody oraz \u015brodk\u00f3w w\u0142asnych. Siedziba Pogotowia mie\u015bci si\u0119 w Dzikiej Zagrodzie, Jab\u0142onowo 42, 78-650 Miros\u0142awiec.<\/p>\n<p style=\"text-align: left;\" align=\"center\"><strong>2.\u00a0<\/strong>Zadaniem Pogotowia jest udzielanie pomocy w sytuacjach problematycznych z udzia\u0142em \u017cubr\u00f3w:<br \/>\na)\u00a0 w trakcie wypadk\u00f3w komunikacyjnych\u00a0 &#8211; Pogotowie zajmuje si\u0119 rannymi lub martwymi \u017cubrami we wsp\u00f3\u0142pracy z policj\u0105, s\u0142u\u017cbami i uczestnikami wypadku;<br \/>\nb)\u00a0 w odniesieniu do \u017cubr\u00f3w, kt\u00f3re wkraczaj\u0105 na tereny osiedli ludzkich i generuj\u0105 problemy dla mieszka\u0144c\u00f3w ? Pogotowie prowadzi przep\u0142aszanie zwierz\u0105t albo od\u0142owy i translokacj\u0119;<br \/>\nc)\u00a0 w odniesieniu do stad lub grup \u017cubr\u00f3w wychodz\u0105cych na cenne uprawy rolne &#8211; Pogotowie prowadzi przep\u0142aszanie podejmowane samodzielnie na podstawie danych telemetrycznych lub na wniosek rolnika.<\/p>\n<p style=\"text-align: left;\" align=\"center\"><strong>3.<\/strong>\u00a0Pogotowie przyjmuje zg\u0142oszenia:<br \/>\na)\u00a0 telefoniczne ze strony s\u0142u\u017cb w odniesieniu do wypadk\u00f3w komunikacyjnych ? przez ca\u0142\u0105 dob\u0119 na wszystkie telefony pracownik\u00f3w opublikowane w za\u0142\u0105czniku;<br \/>\nb)\u00a0 telefonicznie pod numerem zawartym w za\u0142\u0105czniku (w tym SMS lub MMS) w odniesieniu do pr\u00f3\u015bb o przep\u0142oszenie zwierz\u0105t ? w godzinach 8:00 ? 18:00 od kwietnia do pa\u017adziernika oraz w godzinach 8:00 ? 16:00 od listopada do marca;<br \/>\nc)\u00a0 osobiste ? w Dzikiej Zagrodzie w godzinach pracy 8:00 ? 18:00 od kwietnia do pa\u017adziernika oraz 8:00 ? 16:00 od listopada do marca;<\/p>\n<p style=\"text-align: left;\" align=\"center\"><strong>4.\u00a0<\/strong>Zg\u0142oszenie musi zawiera\u0107:<br \/>\na)\u00a0 w odniesieniu do s\u0142u\u017cb ? og\u00f3lne dane zg\u0142aszaj\u0105cego (np. dy\u017curny powiatowej komendy policji w ? , komendant stra\u017cy miejskiej w ?) oraz dok\u0142adn\u0105 lokalizacj\u0119 zdarzenia.<br \/>\nb)\u00a0 w odniesieniu do os\u00f3b indywidualnych wnioskuj\u0105cych o przep\u0142aszania ? dane personalne zg\u0142aszaj\u0105cego, numer dzia\u0142ki, podstaw\u0119 wyst\u0105pienia (informacja czy zg\u0142aszaj\u0105cy ma tytu\u0142 prawny do terenu, kt\u00f3rego dotyczy zg\u0142oszenie).<\/p>\n<p style=\"text-align: left;\" align=\"center\"><strong>5.<\/strong>\u00a0Zg\u0142oszenia niekompletne nie b\u0119d\u0105 przyjmowane do realizacji.<\/p>\n<p style=\"text-align: left;\" align=\"center\"><strong>6.\u00a0<\/strong>W pierwszej kolejno\u015bci realizowane s\u0105 interwencje zwi\u0105zane ze zdarzeniami zg\u0142aszanymi przez s\u0142u\u017cby dotycz\u0105ce wypadk\u00f3w komunikacyjnych i obecno\u015bci \u017cubr\u00f3w na terenach zabudowanych.<\/p>\n<p style=\"text-align: left;\" align=\"center\"><strong>7.<\/strong> Przep\u0142aszanie \u017cubr\u00f3w z cennych upraw rolnych:<br \/>\na)\u00a0 odbywa si\u0119 ze wzgl\u0119d\u00f3w bezpiecze\u0144stwa zwierz\u0105t i ludzi od \u015bwitu do zmierzchu;<br \/>\nb)\u00a0 nie jest podejmowane na terenie zaoranych p\u00f3l, \u015bciernisk, poplon\u00f3w do przyorania, nieu\u017cytk\u00f3w, u\u017cytk\u00f3w zielonych, zadrzewie\u0144 i las\u00f3w;<br \/>\nc)\u00a0 nie jest podejmowane, gdy na skutek przep\u0142aszania mo\u017ce wyst\u0105pi\u0107 sytuacja problemowa, np. zwi\u0105zana z wtargni\u0119ciem zwierz\u0105t na ruchliwy szlak komunikacyjny;<br \/>\nd)\u00a0 jest podejmowane w miar\u0119 mo\u017cliwo\u015bci kadrowych Pogotowia (w Pogotowiu zatrudnione s\u0105 3 osoby);<br \/>\ne)\u00a0 odbywa si\u0119 na podstawie indywidualnej decyzji osoby wyznaczonej do podj\u0119cia interwencji. Dzi\u0119ki posiadanemu do\u015bwiadczeniu to te osoby s\u0105 w stanie najlepiej oceni\u0107 potrzeb\u0119 przeprowadzenia interwencji.<\/p>\n<p style=\"text-align: left;\" align=\"center\"><strong>8.\u00a0<\/strong>Zg\u0142oszenia dotycz\u0105ce p\u0142oszenia \u017cubr\u00f3w z tego samego dnia s\u0105\u00a0 realizowane w kolejno\u015bci wa\u017cno\u015bci, to jest wysoko\u015bci potencjalnych strat. Pierwsze\u0144stwo b\u0119dzie mia\u0142a interwencja w stosunku do stada \u017cubr\u00f3w a dopiero w nast\u0119pnej kolejno\u015bci interwencje w odniesieniu do pojedynczych osobnik\u00f3w.<\/p>\n<p style=\"text-align: left;\" align=\"center\"><strong>9.<\/strong>\u00a0Na podstawie analizy danych telemetrycznych Pogotowie samodzielnie podejmuje interwencje i przep\u0142asza \u017cubry z upraw rolnych w celu utrzymania na terenach o najni\u017cszym poziomie potencjalnego konfliktu.<\/p>\n<p style=\"text-align: left;\" align=\"center\"><strong>10.<\/strong> W sytuacjach nietypowych, interwencja mo\u017ce by\u0107 podj\u0119ta po kontakcie telefoniczny\u00a0\u00a0i uzasadnieniu problemu.<\/p>\n<p style=\"text-align: center;\" align=\"center\"><strong>Wykaz numer\u00f3w telefon\u00f3w &#8211; za\u0142\u0105cznik nr 1\u00a0<\/strong><\/p>\n<table border=\"1\" cellspacing=\"0\" cellpadding=\"0\">\n<tbody>\n<tr>\n<td valign=\"top\" width=\"255\"><b>Numer dy\u017curny<\/b><\/td>\n<td valign=\"top\" width=\"246\">\n<p align=\"center\"><b>881\u00a0006 288<\/b><\/p>\n<\/td>\n<\/tr>\n<tr>\n<td valign=\"top\" width=\"255\"><b>Maciej Tracz<\/b><\/td>\n<td valign=\"top\" width=\"246\">\n<p align=\"center\"><b>501\u00a0009 692<\/b><\/p>\n<\/td>\n<\/tr>\n<tr>\n<td valign=\"top\" width=\"255\"><b>\u0141ukasz Strejk<\/b><\/td>\n<td valign=\"top\" width=\"246\">\n<p align=\"center\"><b>783\u00a0811 891<\/b><\/p>\n<\/td>\n<\/tr>\n<tr>\n<td valign=\"top\" width=\"255\"><strong>Miko\u0142aj Wi\u0119ckowski<\/strong><\/td>\n<td valign=\"top\" width=\"246\">\n<p align=\"center\"><strong>785 567 505<\/strong><\/p>\n<\/td>\n<\/tr>\n<\/tbody>\n<\/table>\n<p><strong>Osoba zg\u0142aszaj\u0105ca potrzeb\u0119 przeprowadzenia interwencji wyra\u017ca zgod\u0119 na przetwarzanie danych osobowych przez ZTP.<\/strong><\/p>\n","protected":false},"excerpt":{"rendered":"<p>Zachodniopomorskie Towarzystwo Przyrodnicze Jeste\u015bmy organizacj\u0105 po\u017cytku publicznego, kt\u00f3ra ju\u017c od 2005 roku realizuje kompleksow\u0105 obs\u0142ug\u0119\u00a0 stad dzikich \u017cubr\u00f3w na terenie wojew\u00f3dztwa zachodniopomorskiego. Obecnie populacja \u017cubr\u00f3w liczy oko\u0142o 300 osobnik\u00f3w ( stan na grudzie\u0144 2018). Spora cz\u0119\u015b\u0107 z nich znajduje si\u0119 na terenie naszego wojew\u00f3dztwa, ale obserwujemy, \u017ce cz\u0119\u015b\u0107 z nich\u00a0 rozlokowa\u0142a si\u0119 po za jego [&hellip;]<\/p>\n","protected":false},"author":1,"featured_media":0,"parent":0,"menu_order":0,"comment_status":"open","ping_status":"closed","template":"","meta":[],"_links":{"self":[{"href":"http:\/\/dzika-zagroda.pl\/index.php?rest_route=\/wp\/v2\/pages\/11"}],"collection":[{"href":"http:\/\/dzika-zagroda.pl\/index.php?rest_route=\/wp\/v2\/pages"}],"about":[{"href":"http:\/\/dzika-zagroda.pl\/index.php?rest_route=\/wp\/v2\/types\/page"}],"author":[{"embeddable":true,"href":"http:\/\/dzika-zagroda.pl\/index.php?rest_route=\/wp\/v2\/users\/1"}],"replies":[{"embeddable":true,"href":"http:\/\/dzika-zagroda.pl\/index.php?rest_route=%2Fwp%2Fv2%2Fcomments&post=11"}],"version-history":[{"count":29,"href":"http:\/\/dzika-zagroda.pl\/index.php?rest_route=\/wp\/v2\/pages\/11\/revisions"}],"predecessor-version":[{"id":5364,"href":"http:\/\/dzika-zagroda.pl\/index.php?rest_route=\/wp\/v2\/pages\/11\/revisions\/5364"}],"wp:attachment":[{"href":"http:\/\/dzika-zagroda.pl\/index.php?rest_route=%2Fwp%2Fv2%2Fmedia&parent=11"}],"curies":[{"name":"wp","href":"https:\/\/api.w.org\/{rel}","templated":true}]}}