{"id":4449,"date":"2022-07-13T10:10:51","date_gmt":"2022-07-13T08:10:51","guid":{"rendered":"http:\/\/dzika-zagroda.pl\/?page_id=4449"},"modified":"2022-07-28T09:43:28","modified_gmt":"2022-07-28T07:43:28","slug":"informacje-o-projekcie-4","status":"publish","type":"page","link":"http:\/\/dzika-zagroda.pl\/?page_id=4449","title":{"rendered":"Projekt POIS.02.04.00-00-0013\/18"},"content":{"rendered":"<p><img decoding=\"async\" loading=\"lazy\" class=\"aligncenter\" alt=\"FE_POIS_poziom_pl\" src=\"http:\/\/dzika-zagroda.pl\/wp-content\/uploads\/2022\/07\/FE_POIS_poziom_pl-1_rgb.jpg\" width=\"631\" height=\"83\" \/><\/p>\n<p>Dnia 28 marca 2019 r. ZTP podpisa\u0142o umow\u0119 dotacji na\u00a0realizacj\u0119 projektu POIS.02.04.00-00-0013\/18 ?Rozszerzenie dzia\u0142a\u0144 Bazy Obs\u0142ugi \u017bubr\u00f3w?. Utworzona w Dzikiej Zagrodzie w Jab\u0142onowie w ramach projektu LIFE13NAT\/PL\/000010 Baza Obs\u0142ugi \u017bubr\u00f3w rozszerza obszar dzia\u0142a\u0144 na trzy wojew\u00f3dztwa. Opr\u00f3cz wojew\u00f3dztwa zachodniopomorskiego, gdzie ca\u0142y czas \u017cyje najwi\u0119ksza cz\u0119\u015b\u0107 populacji zachodniopomorskiej, b\u0119dziemy aktywnie chroni\u0107 \u017cubry w wojew\u00f3dztwach lubuskim i wielkopolskim. Projekt przewiduje przede wszystkim:<\/p>\n<p>&#8211; monitoring bezpo\u015bredni i telemetryczny \u017cubr\u00f3w,<br \/>\n&#8211; od\u0142owy osobnik\u00f3w i ich przemieszczenia,<br \/>\n&#8211; immobilizacja i zak\u0142adanie obro\u017cy telemetrycznych,<br \/>\n&#8211; budowa i remonty pa\u015bnik\u00f3w, rozwo\u017cenie karmy dla \u017cubr\u00f3w<br \/>\n&#8211; koszenie \u0142\u0105k dla \u017cubr\u00f3w,<br \/>\n&#8211; opieka nad \u017cubrami w zagrodzie pokazowej w Jab\u0142onowie,<br \/>\n&#8211; prace w Pogotowiu \u017bubrowym ? interwencje na wezwania od rolnik\u00f3w, p\u0142oszenie \u017cubr\u00f3w z cennych upraw rolnych, pomoc w wypadkach komunikacyjnych z udzia\u0142em \u017cubr\u00f3w, interwencje w przypadkach zwierz\u0105t chorych lub rannych, usuwanie zwierz\u0105t martwych, pobieranie pr\u00f3b do bada\u0144.<\/p>\n<p>Wszystkie dzia\u0142ania prowadzone b\u0119d\u0105 tam, gdzie aktualnie znajd\u0105 si\u0119 stada \u017cubr\u00f3w. Dzi\u015b dzia\u0142ania dotyczy\u0107 b\u0119d\u0105 granic administracyjnych nadle\u015bnictw RDLP Pi\u0142a: Miros\u0142awiec, Kalisz Pomorski, Tuczno, Cz\u0142opa, Wa\u0142cz, Trzcianka, Krzy\u017c ; RDLP\u00a0 Szczecinek: Drawsko, \u015awierczyna, Z\u0142ocieniec; RDLP Szczecin: \u0141obez, Dobrzany, Drawno, Smolarz. Trzeba jednak pami\u0119ta\u0107, \u017ce wiele dzia\u0142a\u0144 z \u017cubrami odbywa si\u0119 na terenach poza lasami (immobilizacja, zak\u0142adanie obro\u017cy telemetrycznych, od\u0142owy, dzia\u0142alno\u015b\u0107 Pogotowia \u017bubrowego w tym szczeg\u00f3lnie przep\u0142aszanie zwierz\u0105t i interwencji przy wypadkach drogowych).<\/p>\n<p>Okres realizacji projektu: kwiecie\u0144 2019 ? czerwiec 2023<\/p>\n<p>G\u0142\u00f3wne cele projektu to rozszerzenie zakresu dzia\u0142ania Bazy Obs\u0142ugi \u017bubr\u00f3w i obj\u0119cie dzia\u0142aniami ochronnymi ca\u0142ej populacji w p\u00f3\u0142nocno-zachodniej Polsce oraz budowa akceptacji spo\u0142ecznej dla gatunku poprzez minimalizowanie konflikt\u00f3w i szk\u00f3d.<\/p>\n<p>Koszt ca\u0142kowity projektu: 4\u00a0728\u00a0028,06<\/p>\n<p>Kwota dofinansowania: 4\u00a0016\u00a0528,80<\/p>\n<p>Dzi\u0119ki wsparciu Fundacji WWF Polska, ZTP ma zapewniony wk\u0142ad w\u0142asny do projektu.<\/p>\n<p><strong>Mechanizm umo\u017cliwiaj\u0105cy sygnalizowanie potencjalnych nadu\u017cy\u0107 finansowych.\u00a0<\/strong><\/p>\n<p>Zgodnie z Wytycznymi w zakresie post\u0119powania z podejrzeniami nadu\u017cy\u0107 finansowych w ramach Programu Operacyjnego Infrastruktura i \u015arodowisko 2014-2020 w Centrum Koordynacji Projekt\u00f3w \u015arodowiskowych uruchomiony zosta\u0142 tzw. mechanizm sygnalizacyjny, umo\u017cliwiaj\u0105cy zg\u0142aszanie podejrze\u0144 wyst\u0105pienia nadu\u017cy\u0107 finansowych w ramach Programu Operacyjnego Infrastruktura i \u015arodowisko.<\/p>\n<p>W przypadku zidentyfikowania sytuacji wyst\u0119powania nadu\u017cycia finansowego nale\u017cy przekaza\u0107 zg\u0142oszenie na adres: naduzycia@ckps.lasy.qov.pl. Zg\u0142oszenie powinno zawiera\u0107 przede wszystkim elementy takie jak:<\/p>\n<ul>\n<li>opis zdarzenia,<\/li>\n<li>dane sprawcy,<\/li>\n<li>informacje o osobach, kt\u00f3re mog\u0105 mie\u0107 wiedz\u0119 o tej sprawie.<\/li>\n<\/ul>\n<p>W przypadku zg\u0142osze\u0144 (g\u0142\u00f3wnie anonimowych), kt\u00f3re b\u0119d\u0105 niepe\u0142ne i nie b\u0119dzie mo\u017cliwo\u015bci uzupe\u0142nienia tych informacji, istnieje ryzyko, \u017ce takie zg\u0142oszenie nie b\u0119dzie mog\u0142o zosta\u0107 rozpatrzone.<\/p>\n<p>Ponadto, dla instytucji wdra\u017caj\u0105cych POIi\u015a 2014-2020, Ministerstwo Rozwoju r\u00f3wnie\u017c wprowadzi\u0142o mechanizm sygnalizacyjny szczeg\u00f3\u0142owo opisany na stronie internetowej www.pois.gov.pl\/nieprawidlowosci.<\/p>\n<p>W celu dokonania zg\u0142oszenia nale\u017cy:<\/p>\n<ul>\n<li>skorzysta\u0107 z formularza, dost\u0119pnego na stronie internetowej<\/li>\n<\/ul>\n<p>lub<\/p>\n<ul>\n<li>wys\u0142a\u0107 wiadomo\u015b\u0107 na adres e-mail: naduzycia.POIS@mr.gov.pl<\/li>\n<\/ul>\n<p style=\"text-align: center;\">\n","protected":false},"excerpt":{"rendered":"<p>Dnia 28 marca 2019 r. ZTP podpisa\u0142o umow\u0119 dotacji na\u00a0realizacj\u0119 projektu POIS.02.04.00-00-0013\/18 ?Rozszerzenie dzia\u0142a\u0144 Bazy Obs\u0142ugi \u017bubr\u00f3w?. Utworzona w Dzikiej Zagrodzie w Jab\u0142onowie w ramach projektu LIFE13NAT\/PL\/000010 Baza Obs\u0142ugi \u017bubr\u00f3w rozszerza obszar dzia\u0142a\u0144 na trzy wojew\u00f3dztwa. Opr\u00f3cz wojew\u00f3dztwa zachodniopomorskiego, gdzie ca\u0142y czas \u017cyje najwi\u0119ksza cz\u0119\u015b\u0107 populacji zachodniopomorskiej, b\u0119dziemy aktywnie chroni\u0107 \u017cubry w wojew\u00f3dztwach lubuskim i [&hellip;]<\/p>\n","protected":false},"author":1,"featured_media":0,"parent":0,"menu_order":0,"comment_status":"open","ping_status":"open","template":"","meta":[],"_links":{"self":[{"href":"http:\/\/dzika-zagroda.pl\/index.php?rest_route=\/wp\/v2\/pages\/4449"}],"collection":[{"href":"http:\/\/dzika-zagroda.pl\/index.php?rest_route=\/wp\/v2\/pages"}],"about":[{"href":"http:\/\/dzika-zagroda.pl\/index.php?rest_route=\/wp\/v2\/types\/page"}],"author":[{"embeddable":true,"href":"http:\/\/dzika-zagroda.pl\/index.php?rest_route=\/wp\/v2\/users\/1"}],"replies":[{"embeddable":true,"href":"http:\/\/dzika-zagroda.pl\/index.php?rest_route=%2Fwp%2Fv2%2Fcomments&post=4449"}],"version-history":[{"count":12,"href":"http:\/\/dzika-zagroda.pl\/index.php?rest_route=\/wp\/v2\/pages\/4449\/revisions"}],"predecessor-version":[{"id":4492,"href":"http:\/\/dzika-zagroda.pl\/index.php?rest_route=\/wp\/v2\/pages\/4449\/revisions\/4492"}],"wp:attachment":[{"href":"http:\/\/dzika-zagroda.pl\/index.php?rest_route=%2Fwp%2Fv2%2Fmedia&parent=4449"}],"curies":[{"name":"wp","href":"https:\/\/api.w.org\/{rel}","templated":true}]}}