{"id":18,"date":"2014-02-14T00:43:58","date_gmt":"2014-02-13T23:43:58","guid":{"rendered":"http:\/\/dzika-zagroda.pl\/?page_id=18"},"modified":"2022-10-27T12:04:45","modified_gmt":"2022-10-27T10:04:45","slug":"dzikie-zubry","status":"publish","type":"page","link":"https:\/\/dzika-zagroda.pl\/?page_id=18","title":{"rendered":"Cielaki wypuszczone na wolno\u015b\u0107"},"content":{"rendered":"<p style=\"text-align: center;\"><img decoding=\"async\" loading=\"lazy\" class=\"aligncenter  wp-image-4125\" alt=\"gryfu\u015b\" src=\"http:\/\/dzika-zagroda.pl\/wp-content\/uploads\/2014\/02\/gryfu\u015b.jpg\" width=\"540\" height=\"405\" srcset=\"https:\/\/dzika-zagroda.pl\/wp-content\/uploads\/2014\/02\/gryfu\u015b.jpg 900w, https:\/\/dzika-zagroda.pl\/wp-content\/uploads\/2014\/02\/gryfu\u015b-300x225.jpg 300w\" sizes=\"(max-width: 540px) 100vw, 540px\" \/><\/p>\n<p style=\"text-align: center;\"><strong>Gryfu\u015b<\/strong>\u00a0? m\u0142ode Mamu\u015bki ( rod. Potynka),urodzi\u0142 si\u0119 3 czerwca 2014 r., jest to pierwszy \u017cubr urodzony w Dzikiej Zagrodzie w Jab\u0142onowie :)imi\u0119 wpisane do ksi\u0119gi rodowodowej : &#8222;<strong>Podarek II<\/strong>&#8221; nr rodowodowy : 12865<\/p>\n<p style=\"text-align: center;\">_________________________________________________________________________<\/p>\n<p style=\"text-align: center;\"><img decoding=\"async\" loading=\"lazy\" class=\"aligncenter  wp-image-4127\" alt=\"poducha\" src=\"http:\/\/dzika-zagroda.pl\/wp-content\/uploads\/2014\/02\/poducha.jpg\" width=\"614\" height=\"409\" srcset=\"https:\/\/dzika-zagroda.pl\/wp-content\/uploads\/2014\/02\/poducha.jpg 1024w, https:\/\/dzika-zagroda.pl\/wp-content\/uploads\/2014\/02\/poducha-300x199.jpg 300w\" sizes=\"(max-width: 614px) 100vw, 614px\" \/><\/p>\n<p style=\"text-align: center;\"><strong>Poducha<\/strong>\u00a0&#8211; m\u0142ode Myszy, ur. 01.06.2016r. imi\u0119 wpisane do ksi\u0119gi rodowodowej : &#8222;<strong>Poducha II<\/strong>&#8221; nr rodowodowy : 13398<\/p>\n<p style=\"text-align: center;\">_________________________________________________________________________<\/p>\n<p style=\"text-align: center;\"><img decoding=\"async\" loading=\"lazy\" class=\"aligncenter  wp-image-4128\" alt=\"poziomka\" src=\"http:\/\/dzika-zagroda.pl\/wp-content\/uploads\/2014\/02\/poziomka.jpg\" width=\"614\" height=\"409\" srcset=\"https:\/\/dzika-zagroda.pl\/wp-content\/uploads\/2014\/02\/poziomka.jpg 1024w, https:\/\/dzika-zagroda.pl\/wp-content\/uploads\/2014\/02\/poziomka-300x199.jpg 300w\" sizes=\"(max-width: 614px) 100vw, 614px\" \/><\/p>\n<p style=\"text-align: center;\"><strong>Poziomka<\/strong>\u00a0&#8211; m\u0142ode Szantrapy, ur. 25.05.2016r.\u00a0imi\u0119 wpisane do ksi\u0119gi rodowodowej: &#8221;\u00a0<strong>Poziomka III<\/strong>\u00a0&#8221; nr rodowodowy : 13397<\/p>\n<p style=\"text-align: center;\">_________________________________________________________________________<\/p>\n<p style=\"text-align: center;\"><img decoding=\"async\" loading=\"lazy\" class=\"aligncenter  wp-image-4129\" alt=\"pogrom\" src=\"http:\/\/dzika-zagroda.pl\/wp-content\/uploads\/2014\/02\/pogrom.jpg\" width=\"614\" height=\"409\" srcset=\"https:\/\/dzika-zagroda.pl\/wp-content\/uploads\/2014\/02\/pogrom.jpg 1024w, https:\/\/dzika-zagroda.pl\/wp-content\/uploads\/2014\/02\/pogrom-300x199.jpg 300w\" sizes=\"(max-width: 614px) 100vw, 614px\" \/><\/p>\n<p style=\"text-align: center;\"><strong>Pogrom<\/strong>\u00a0&#8211; cielak Puli, ur. 07.06.2016r.\u00a0imi\u0119 wpisane do ksi\u0119gi rodowodowej : &#8221;\u00a0<strong>Pogrom V<\/strong>\u00a0&#8221; nr rodowodowy : 13399<\/p>\n<p style=\"text-align: center;\">_________________________________________________________________________<\/p>\n<p style=\"text-align: center;\"><img decoding=\"async\" loading=\"lazy\" class=\"aligncenter  wp-image-4130\" alt=\"pocisk\" src=\"http:\/\/dzika-zagroda.pl\/wp-content\/uploads\/2014\/02\/pocisk.jpg\" width=\"614\" height=\"409\" srcset=\"https:\/\/dzika-zagroda.pl\/wp-content\/uploads\/2014\/02\/pocisk.jpg 1024w, https:\/\/dzika-zagroda.pl\/wp-content\/uploads\/2014\/02\/pocisk-300x199.jpg 300w\" sizes=\"(max-width: 614px) 100vw, 614px\" \/><\/p>\n<p style=\"text-align: center;\"><img decoding=\"async\" title=\"gallery ids=\" alt=\"\" src=\"http:\/\/dzika-zagroda.pl\/wp-includes\/js\/tinymce\/plugins\/wpgallery\/img\/t.gif\" \/><\/p>\n<p style=\"text-align: center;\" align=\"center\"><b>Pocisk<\/b>\u00a0? m\u0142ode Szantrapy, ur.20.06.2017r. imi\u0119 wpisane do ksi\u0119gi rodowodowej:\u00a0<strong>?Pocisk II?\u00a0<\/strong>nr rodowodowy: 13729<\/p>\n<p style=\"text-align: center;\" align=\"center\">_________________________________________________________________________<\/p>\n<p style=\"text-align: center;\" align=\"center\"><img decoding=\"async\" loading=\"lazy\" class=\"aligncenter  wp-image-4131\" alt=\"mirlotka\" src=\"http:\/\/dzika-zagroda.pl\/wp-content\/uploads\/2014\/02\/mirlotka.jpg\" width=\"614\" height=\"409\" srcset=\"https:\/\/dzika-zagroda.pl\/wp-content\/uploads\/2014\/02\/mirlotka.jpg 1024w, https:\/\/dzika-zagroda.pl\/wp-content\/uploads\/2014\/02\/mirlotka-300x199.jpg 300w\" sizes=\"(max-width: 614px) 100vw, 614px\" \/><\/p>\n<p align=\"center\"><b>Mirlotka<\/b>? m\u0142ode Mr\u00f3wki, ur. 20.06.2017r. imi\u0119 wpisane do ksi\u0119gi rodowodowej:\u00a0<strong>?Pojanka?<\/strong>\u00a0nr rodowodowy: 13730.<\/p>\n<p align=\"center\">\u00a0\u00a0\u00a0 \u017bubrzyca zosta\u0142a zaadoptowana przez 12 Baz\u0119 Bezza\u0142ogowych Statk\u00f3w Powietrznych w Miros\u0142awcu.<\/p>\n<p align=\"center\">Imi\u0119 Mirlotka zosta\u0142o wy\u0142onione w konkursie, , kt\u00f3ry zorganizowa\u0142o wojsko. Imi\u0119 powsta\u0142o z po\u0142\u0105czenia nazw: Miros\u0142awiec i Lotnictwo.<\/p>\n<p align=\"center\">_________________________________________________________________________<\/p>\n<p style=\"text-align: center;\" align=\"center\"><img decoding=\"async\" loading=\"lazy\" class=\"aligncenter  wp-image-4132\" alt=\"poranek III\" src=\"http:\/\/dzika-zagroda.pl\/wp-content\/uploads\/2014\/02\/poranek-III.jpg\" width=\"614\" height=\"461\" srcset=\"https:\/\/dzika-zagroda.pl\/wp-content\/uploads\/2014\/02\/poranek-III.jpg 1024w, https:\/\/dzika-zagroda.pl\/wp-content\/uploads\/2014\/02\/poranek-III-300x225.jpg 300w\" sizes=\"(max-width: 614px) 100vw, 614px\" \/><\/p>\n<p style=\"text-align: center;\" align=\"center\"><b>Poranek<\/b>\u00a0? m\u0142ode Puli, ur.17.06.2018r., imi\u0119 wpisane do ksi\u0119gi rodowodowej: : ?<strong>Poranek III<\/strong>?, nr rodowodowy: 14117<\/p>\n<p style=\"text-align: center;\" align=\"center\">_________________________________________________________________________<\/p>\n<p style=\"text-align: center;\" align=\"center\"><img decoding=\"async\" loading=\"lazy\" class=\"aligncenter  wp-image-4133\" alt=\"polanka III\" src=\"http:\/\/dzika-zagroda.pl\/wp-content\/uploads\/2014\/02\/polanka-III.jpg\" width=\"614\" height=\"460\" srcset=\"https:\/\/dzika-zagroda.pl\/wp-content\/uploads\/2014\/02\/polanka-III.jpg 1024w, https:\/\/dzika-zagroda.pl\/wp-content\/uploads\/2014\/02\/polanka-III-300x224.jpg 300w\" sizes=\"(max-width: 614px) 100vw, 614px\" \/><\/p>\n<p style=\"text-align: center;\" align=\"center\"><b>Polanka<\/b>\u00a0? m\u0142ode Szantrapy, ur. 19.08.2018r., imi\u0119 wpisane do ksi\u0119gi rodowodowej: ? <strong>Polanka III<\/strong>?, nr rodowodowy: 14118<\/p>\n<p style=\"text-align: center;\" align=\"center\">_________________________________________________________________________<\/p>\n<p style=\"text-align: center;\" align=\"center\"><img decoding=\"async\" loading=\"lazy\" class=\"aligncenter  wp-image-4134\" alt=\"pomr\u00f3wka\" src=\"http:\/\/dzika-zagroda.pl\/wp-content\/uploads\/2014\/02\/pomr\u00f3wka-1024x682.jpg\" width=\"614\" height=\"409\" srcset=\"https:\/\/dzika-zagroda.pl\/wp-content\/uploads\/2014\/02\/pomr\u00f3wka-1024x682.jpg 1024w, https:\/\/dzika-zagroda.pl\/wp-content\/uploads\/2014\/02\/pomr\u00f3wka-300x200.jpg 300w\" sizes=\"(max-width: 614px) 100vw, 614px\" \/><\/p>\n<p style=\"text-align: center;\"><strong>Pomr\u00f3wka<\/strong> ? m\u0142ode Mr\u00f3wki, ur. 25.08.2018r, imi\u0119 wpisane do ksi\u0119gi rodowodowej: ?<strong>Pomr\u00f3wka<\/strong>? , nr rodowodowy : 14119<\/p>\n<p style=\"text-align: center;\">_________________________________________________________________________<\/p>\n<p style=\"text-align: center;\"><img decoding=\"async\" loading=\"lazy\" class=\"aligncenter  wp-image-4135\" alt=\"powilczka\" src=\"http:\/\/dzika-zagroda.pl\/wp-content\/uploads\/2014\/02\/powilczka-1024x682.jpg\" width=\"614\" height=\"409\" srcset=\"https:\/\/dzika-zagroda.pl\/wp-content\/uploads\/2014\/02\/powilczka-1024x682.jpg 1024w, https:\/\/dzika-zagroda.pl\/wp-content\/uploads\/2014\/02\/powilczka-300x200.jpg 300w\" sizes=\"(max-width: 614px) 100vw, 614px\" \/><\/p>\n<p style=\"text-align: center;\"><strong>Powilczka<\/strong>&#8211; m\u0142ode Myszy, ur.13.04.2019r, imi\u0119 wpisane do ksi\u0119gi rodowodowej: ? <strong>Powilczka<\/strong>? , nr rodowodowy: 14404<\/p>\n<p style=\"text-align: center;\">_________________________________________________________________________<\/p>\n<p style=\"text-align: center;\"><img decoding=\"async\" loading=\"lazy\" class=\"aligncenter  wp-image-4136\" alt=\"pociapa_kop\" src=\"http:\/\/dzika-zagroda.pl\/wp-content\/uploads\/2014\/02\/pociapa_kop-1024x760.jpg\" width=\"614\" height=\"456\" srcset=\"https:\/\/dzika-zagroda.pl\/wp-content\/uploads\/2014\/02\/pociapa_kop-1024x760.jpg 1024w, https:\/\/dzika-zagroda.pl\/wp-content\/uploads\/2014\/02\/pociapa_kop-300x222.jpg 300w\" sizes=\"(max-width: 614px) 100vw, 614px\" \/><\/p>\n<p style=\"text-align: center;\"><strong>Pociapa<\/strong> ? m\u0142ode Szantrapy, ur.01.06.2019r. , imi\u0119 wpisane do ksi\u0119gi rodowodowej: ? <strong>Pociapa<\/strong>?, nr rodowodowy : 14405<\/p>\n<p style=\"text-align: center;\">_________________________________________________________________________<\/p>\n<p style=\"text-align: center;\"><img decoding=\"async\" loading=\"lazy\" class=\"aligncenter  wp-image-4137\" alt=\"pobudka II_kop\" src=\"http:\/\/dzika-zagroda.pl\/wp-content\/uploads\/2014\/02\/pobudka-II_kop-1024x761.jpg\" width=\"614\" height=\"457\" srcset=\"https:\/\/dzika-zagroda.pl\/wp-content\/uploads\/2014\/02\/pobudka-II_kop-1024x761.jpg 1024w, https:\/\/dzika-zagroda.pl\/wp-content\/uploads\/2014\/02\/pobudka-II_kop-300x223.jpg 300w, https:\/\/dzika-zagroda.pl\/wp-content\/uploads\/2014\/02\/pobudka-II_kop.jpg 1101w\" sizes=\"(max-width: 614px) 100vw, 614px\" \/><\/p>\n<p style=\"text-align: center;\"><strong>Pobudka<\/strong> ? m\u0142ode Puli, ur.07.06.2019r. imi\u0119 wpisane do ksi\u0119gi rodowodowej: ? <strong>Pobudka II<\/strong>?, nr rodowodowy : 14406<\/p>\n<p style=\"text-align: center;\">_________________________________________________________________________<\/p>\n<p style=\"text-align: center;\"><img decoding=\"async\" loading=\"lazy\" class=\"aligncenter  wp-image-4138\" alt=\"potok III (1)_kop\" src=\"http:\/\/dzika-zagroda.pl\/wp-content\/uploads\/2014\/02\/potok-III-1_kop-1024x963.jpg\" width=\"614\" height=\"578\" srcset=\"https:\/\/dzika-zagroda.pl\/wp-content\/uploads\/2014\/02\/potok-III-1_kop-1024x963.jpg 1024w, https:\/\/dzika-zagroda.pl\/wp-content\/uploads\/2014\/02\/potok-III-1_kop-300x282.jpg 300w\" sizes=\"(max-width: 614px) 100vw, 614px\" \/><\/p>\n<p style=\"text-align: center;\"><strong>Potok<\/strong> ? m\u0142ode Mr\u00f3wki, ur.17.09.2019r. ,imi\u0119 wpisane do ksi\u0119gi rodowodowej: ? <strong>Potok III<\/strong>?, nr rodowodowy: 14562<\/p>\n<p style=\"text-align: center;\">_________________________________________________________________________<\/p>\n<p style=\"text-align: center;\"><img decoding=\"async\" loading=\"lazy\" class=\"aligncenter  wp-image-4139\" alt=\"porzeczek\" src=\"http:\/\/dzika-zagroda.pl\/wp-content\/uploads\/2014\/02\/porzeczek-1024x680.jpg\" width=\"614\" height=\"408\" srcset=\"https:\/\/dzika-zagroda.pl\/wp-content\/uploads\/2014\/02\/porzeczek-1024x680.jpg 1024w, https:\/\/dzika-zagroda.pl\/wp-content\/uploads\/2014\/02\/porzeczek-300x199.jpg 300w\" sizes=\"(max-width: 614px) 100vw, 614px\" \/><\/p>\n<p style=\"text-align: center;\"><strong>Porzeczek<\/strong> ? m\u0142ode Myszy, ur. 16.06.2020r. , imi\u0119 wpisane do ksi\u0119gi rodowodowej: ?<strong>Porzeczek<\/strong>? nr rodowodowy : 14937<\/p>\n<p style=\"text-align: center;\">_________________________________________________________________________<\/p>\n<p style=\"text-align: center;\"><img decoding=\"async\" loading=\"lazy\" class=\"aligncenter  wp-image-4140\" alt=\"pomidorek_kop\" src=\"http:\/\/dzika-zagroda.pl\/wp-content\/uploads\/2014\/02\/pomidorek_kop-1024x865.jpg\" width=\"614\" height=\"519\" srcset=\"https:\/\/dzika-zagroda.pl\/wp-content\/uploads\/2014\/02\/pomidorek_kop-1024x865.jpg 1024w, https:\/\/dzika-zagroda.pl\/wp-content\/uploads\/2014\/02\/pomidorek_kop-300x253.jpg 300w\" sizes=\"(max-width: 614px) 100vw, 614px\" \/><\/p>\n<p style=\"text-align: center;\"><strong>Pomidorek<\/strong>&#8211; m\u0142ode Mr\u00f3wki, ur.25.06.2020r. imi\u0119 wpisane do ksi\u0119gi rodowodowej: ? <strong>Pomidorek<\/strong>? nr rodowodowy : 14938<\/p>\n<p style=\"text-align: center;\">\n<p style=\"text-align: center;\">__________________________________________________________________________<\/p>\n<p style=\"text-align: center;\"><img decoding=\"async\" loading=\"lazy\" class=\"aligncenter  wp-image-4600\" alt=\"Pokowidka\" src=\"http:\/\/dzika-zagroda.pl\/wp-content\/uploads\/2014\/02\/Pokowidka-680x1024.jpg\" width=\"612\" height=\"922\" srcset=\"https:\/\/dzika-zagroda.pl\/wp-content\/uploads\/2014\/02\/Pokowidka-680x1024.jpg 680w, https:\/\/dzika-zagroda.pl\/wp-content\/uploads\/2014\/02\/Pokowidka-199x300.jpg 199w, https:\/\/dzika-zagroda.pl\/wp-content\/uploads\/2014\/02\/Pokowidka.jpg 1892w\" sizes=\"(max-width: 612px) 100vw, 612px\" \/><\/p>\n<p style=\"text-align: center;\"><strong>Pokowidka<\/strong> &#8211; m\u0142ode Myszy, ur. 27.05.2021r. imi\u0119 wpisane do ksi\u0119go rodowodowej : &#8222;<strong>Pokowidka<\/strong>&#8221; nr rodowodowy : 15305<\/p>\n<p style=\"text-align: center;\">\n<p style=\"text-align: center;\">_________________________________________________________________________<\/p>\n<p style=\"text-align: center;\"><img decoding=\"async\" loading=\"lazy\" class=\"aligncenter  wp-image-4601\" alt=\"Pokolanko\" src=\"http:\/\/dzika-zagroda.pl\/wp-content\/uploads\/2014\/02\/Pokolanko-1024x680.jpg\" width=\"597\" height=\"397\" srcset=\"https:\/\/dzika-zagroda.pl\/wp-content\/uploads\/2014\/02\/Pokolanko-1024x680.jpg 1024w, https:\/\/dzika-zagroda.pl\/wp-content\/uploads\/2014\/02\/Pokolanko-300x199.jpg 300w\" sizes=\"(max-width: 597px) 100vw, 597px\" \/><\/p>\n<p style=\"text-align: center;\">\n<p style=\"text-align: center;\"><strong>Pokolanko<\/strong> &#8211; m\u0142ode Puli, ur. 21.08.2021r.\u00a0imi\u0119 wpisane do ksi\u0119go rodowodowej : &#8222;<strong>Pokolanko<\/strong>&#8221; nr rodowodowy : 15306<\/p>\n<p style=\"text-align: center;\">\n<p style=\"text-align: center;\">________________________________________________________________________<\/p>\n<p style=\"text-align: center;\"><img decoding=\"async\" loading=\"lazy\" class=\"aligncenter  wp-image-4603\" alt=\"Pomorzanka\" src=\"http:\/\/dzika-zagroda.pl\/wp-content\/uploads\/2014\/02\/Pomorzanka1-1024x895.jpg\" width=\"655\" height=\"573\" srcset=\"https:\/\/dzika-zagroda.pl\/wp-content\/uploads\/2014\/02\/Pomorzanka1-1024x895.jpg 1024w, https:\/\/dzika-zagroda.pl\/wp-content\/uploads\/2014\/02\/Pomorzanka1-300x262.jpg 300w\" sizes=\"(max-width: 655px) 100vw, 655px\" \/><\/p>\n<p style=\"text-align: center;\"><strong>Pomorzanka<\/strong> &#8211; m\u0142ode Szantrapy , ur. 26.08.2021r.\u00a0\u00a0imi\u0119 wpisane do ksi\u0119go rodowodowej : &#8221; <strong>Pomorzanka II\u00a0<\/strong>&#8221; nr rodowodowy : 15307<\/p>\n<p style=\"text-align: center;\">\n<p style=\"text-align: center;\">_______________________________________________________________________________<\/p>\n<p style=\"text-align: center;\">\n<p style=\"text-align: center;\"><img decoding=\"async\" loading=\"lazy\" class=\"aligncenter  wp-image-4604\" alt=\"pociecha\" src=\"http:\/\/dzika-zagroda.pl\/wp-content\/uploads\/2014\/02\/pociecha-768x1024.jpg\" width=\"553\" height=\"738\" srcset=\"https:\/\/dzika-zagroda.pl\/wp-content\/uploads\/2014\/02\/pociecha-768x1024.jpg 768w, https:\/\/dzika-zagroda.pl\/wp-content\/uploads\/2014\/02\/pociecha-225x300.jpg 225w\" sizes=\"(max-width: 553px) 100vw, 553px\" \/><\/p>\n<p style=\"text-align: center;\"><strong>Pociecha<\/strong> &#8211; m\u0142ode Mr\u00f3wki , ur. 15.11.2021r.\u00a0\u00a0imi\u0119 wpisane do ksi\u0119go rodowodowej : &#8221; <strong>Pociecha III<\/strong>&#8221; nr rodowodowy : 15308<\/p>\n<p style=\"text-align: center;\">\u017bubrzyca zosta\u0142a zaadoptowana przez firm\u0119 ATF\u00a0 sp. z o.o.\u00a0Imi\u0119 Pociecha zosta\u0142o wy\u0142onione w konkursie, kt\u00f3re zorganizowa\u0142a firma.<\/p>\n","protected":false},"excerpt":{"rendered":"<p>Gryfu\u015b\u00a0? m\u0142ode Mamu\u015bki ( rod. Potynka),urodzi\u0142 si\u0119 3 czerwca 2014 r., jest to pierwszy \u017cubr urodzony w Dzikiej Zagrodzie w Jab\u0142onowie :)imi\u0119 wpisane do ksi\u0119gi rodowodowej : &#8222;Podarek II&#8221; nr rodowodowy : 12865 _________________________________________________________________________ Poducha\u00a0&#8211; m\u0142ode Myszy, ur. 01.06.2016r. imi\u0119 wpisane do ksi\u0119gi rodowodowej : &#8222;Poducha II&#8221; nr rodowodowy : 13398 _________________________________________________________________________ Poziomka\u00a0&#8211; m\u0142ode Szantrapy, [&hellip;]<\/p>\n","protected":false},"author":1,"featured_media":0,"parent":0,"menu_order":0,"comment_status":"open","ping_status":"closed","template":"","meta":[],"_links":{"self":[{"href":"https:\/\/dzika-zagroda.pl\/index.php?rest_route=\/wp\/v2\/pages\/18"}],"collection":[{"href":"https:\/\/dzika-zagroda.pl\/index.php?rest_route=\/wp\/v2\/pages"}],"about":[{"href":"https:\/\/dzika-zagroda.pl\/index.php?rest_route=\/wp\/v2\/types\/page"}],"author":[{"embeddable":true,"href":"https:\/\/dzika-zagroda.pl\/index.php?rest_route=\/wp\/v2\/users\/1"}],"replies":[{"embeddable":true,"href":"https:\/\/dzika-zagroda.pl\/index.php?rest_route=%2Fwp%2Fv2%2Fcomments&post=18"}],"version-history":[{"count":32,"href":"https:\/\/dzika-zagroda.pl\/index.php?rest_route=\/wp\/v2\/pages\/18\/revisions"}],"predecessor-version":[{"id":4608,"href":"https:\/\/dzika-zagroda.pl\/index.php?rest_route=\/wp\/v2\/pages\/18\/revisions\/4608"}],"wp:attachment":[{"href":"https:\/\/dzika-zagroda.pl\/index.php?rest_route=%2Fwp%2Fv2%2Fmedia&parent=18"}],"curies":[{"name":"wp","href":"https:\/\/api.w.org\/{rel}","templated":true}]}}